{"id":3,"date":"2023-09-05T13:23:05","date_gmt":"2023-09-05T13:23:05","guid":{"rendered":"https:\/\/zarataka.com\/?page_id=3"},"modified":"2026-01-29T13:18:27","modified_gmt":"2026-01-29T13:18:27","slug":"aviso-legal","status":"publish","type":"page","link":"https:\/\/zarataka.com\/fr\/aviso-legal\/","title":{"rendered":"Mentions l\u00e9gales"},"content":{"rendered":"<h2 class=\"wp-block-heading\">Mentions l\u00e9gales<\/h2>\r\n\r\n\r\n\r\n<p data-start=\"261\" data-end=\"510\">Conform\u00e9ment aux dispositions de l\u2019article 6, paragraphe III-1, de la loi n\u00b0 2004-575 du 21 juin 2004 pour la confiance dans l\u2019\u00e9conomie num\u00e9rique, le pr\u00e9sent document constitue les mentions l\u00e9gales et les conditions g\u00e9n\u00e9rales d\u2019utilisation du site web.<\/p>\r\n<h3 data-start=\"512\" data-end=\"539\">\u00c9diteur du site<\/h3>\r\n<p data-start=\"540\" data-end=\"591\">Le pr\u00e9sent site web est \u00e9dit\u00e9 par <strong data-start=\"578\" data-end=\"590\">Zarataka<\/strong>.<\/p>\r\n<ul>\r\n<li data-start=\"593\" data-end=\"740\"><strong>Responsable :<\/strong> Estibaliz Legarreta<\/li>\r\n<li data-start=\"593\" data-end=\"740\"><strong>Forme juridique :<\/strong> Entreprise individuelle\u00a0<\/li>\r\n<li data-start=\"593\" data-end=\"740\"><strong data-start=\"593\" data-end=\"607\">Adresse :<\/strong> 10 All\u00e9e Altair, 64600 Anglet<\/li>\r\n<li data-start=\"593\" data-end=\"740\"><strong data-start=\"631\" data-end=\"641\">SIRET : <\/strong>980 563 225 00013<\/li>\r\n<li data-start=\"593\" data-end=\"740\"><strong data-start=\"696\" data-end=\"719\">Adresse e-mail :<\/strong> hello@zarataka.com<\/li>\r\n<li data-start=\"593\" data-end=\"740\"><strong>TVA : <\/strong>TVA non applicable, article 293B du Code g\u00e9n\u00e9ral des imp\u00f4ts<\/li>\r\n<\/ul>\r\n<h3 data-start=\"742\" data-end=\"775\">Direction de la publication<\/h3>\r\n<p data-start=\"776\" data-end=\"901\">La direction de la publication du site web est assur\u00e9e par <strong data-start=\"837\" data-end=\"861\">Estibaliz Legarreta<\/strong>en sa qualit\u00e9 de responsable de Zarataka.<\/p>\r\n<h3 data-start=\"903\" data-end=\"937\">H\u00e9bergement et d\u00e9veloppement web<\/h3>\r\n<p data-start=\"938\" data-end=\"1049\"><strong data-start=\"938\" data-end=\"993\">Hostinger International LTD<\/strong><br data-start=\"993\" data-end=\"996\" \/><strong data-start=\"996\" data-end=\"1010\">Adresse :<\/strong> 61 Lordou Vironos Street, 6023 Larnaca, Chypre<br data-start=\"1022\" data-end=\"1025\" \/><strong data-start=\"1025\" data-end=\"1038\">T\u00e9l\u00e9phone :<\/strong> +357 24 030 200<\/p>\r\n<h3 data-start=\"1051\" data-end=\"1073\">Donn\u00e9es personnelles<\/h3>\r\n<p data-start=\"1074\" data-end=\"1344\">Les donn\u00e9es personnelles collect\u00e9es via ce site web sont trait\u00e9es conform\u00e9ment \u00e0 la loi n\u00b0 78-17 du 6 janvier 1978 relative \u00e0 l\u2019informatique, aux fichiers et aux libert\u00e9s, ainsi qu\u2019\u00e0 la r\u00e9glementation en vigueur en mati\u00e8re de protection des donn\u00e9es personnelles.<\/p>\r\n<p data-start=\"1346\" data-end=\"1446\">Le responsable du traitement des donn\u00e9es est le titulaire du site web, identifi\u00e9 ci-dessus.<\/p>\r\n<p data-start=\"1448\" data-end=\"1569\">Les donn\u00e9es personnelles collect\u00e9es sont exclusivement destin\u00e9es \u00e0 Zarataka et ne sont ni c\u00e9d\u00e9es ni communiqu\u00e9es \u00e0 des tiers.<\/p>\r\n<p data-start=\"1571\" data-end=\"1922\">La collecte des donn\u00e9es a pour finalit\u00e9 la gestion et le traitement des messages envoy\u00e9s par les utilisateurs et utilisatrices via le site web. Les donn\u00e9es pourront \u00e9galement \u00eatre utilis\u00e9es pour l\u2019envoi d\u2019informations, de newsletters ou de communications li\u00e9es aux activit\u00e9s de Zarataka, sous r\u00e9serve du consentement expr\u00e8s de la personne concern\u00e9e.<\/p>\r\n<p data-start=\"1924\" data-end=\"2230\">Conform\u00e9ment \u00e0 la r\u00e9glementation applicable, l\u2019utilisateur ou l\u2019utilisatrice dispose d\u2019un droit d\u2019acc\u00e8s, de rectification, de suppression et d\u2019opposition au traitement de ses donn\u00e9es personnelles. Pour exercer ces droits, une demande \u00e9crite peut \u00eatre adress\u00e9e \u00e0 l\u2019adresse suivante :<br data-start=\"2191\" data-end=\"2194\" \/><strong data-start=\"2194\" data-end=\"2229\">Zarataka \u2013 10 All\u00e9e Altair, 64600 Anglet<\/strong>.<\/p>\r\n<p data-start=\"2232\" data-end=\"2498\">L\u2019utilisateur ou l\u2019utilisatrice est inform\u00e9\u00b7e que les donn\u00e9es signal\u00e9es comme obligatoires dans les formulaires du site sont n\u00e9cessaires au traitement et \u00e0 la r\u00e9ponse des demandes. \u00c0 d\u00e9faut de fourniture de ces donn\u00e9es, la demande ne pourra pas \u00eatre trait\u00e9e.<\/p>\r\n<h3 data-start=\"2500\" data-end=\"2527\">Propri\u00e9t\u00e9 intellectuelle<\/h3>\r\n<p data-start=\"2528\" data-end=\"2656\">Le site web exploit\u00e9 sous le nom de domaine <strong data-start=\"2567\" data-end=\"2602\">www.zarataka.com<\/strong>\u00a0et ses sous-domaines est la propri\u00e9t\u00e9 exclusive de Zarataka.<\/p>\r\n<p data-start=\"2658\" data-end=\"2836\">L\u2019ensemble des contenus du site (textes, images, photographies, illustrations, logos, etc.) est prot\u00e9g\u00e9 par la l\u00e9gislation en vigueur relative \u00e0 la propri\u00e9t\u00e9 intellectuelle et industrielle.<\/p>\r\n<p data-start=\"2838\" data-end=\"3017\">L\u2019utilisation du site par l\u2019utilisateur ou l\u2019utilisatrice est strictement limit\u00e9e \u00e0 un usage priv\u00e9 et personnel, consistant en la consultation des informations mises \u00e0 disposition.<\/p>\r\n<p data-start=\"3019\" data-end=\"3352\">Toute reproduction, repr\u00e9sentation, modification, publication, adaptation ou t\u00e9l\u00e9chargement, total ou partiel, du site ou de l\u2019un quelconque de ses \u00e9l\u00e9ments, par quelque proc\u00e9d\u00e9 ou support que ce soit, est interdit sans l\u2019autorisation pr\u00e9alable et \u00e9crite de Zarataka, sauf dans le cadre de la copie priv\u00e9e pour un usage strictement personnel et non commercial.<\/p>\r\n<p data-start=\"3354\" data-end=\"3557\">Toute utilisation non autoris\u00e9e du site ou de son contenu pourra engager la responsabilit\u00e9 civile et p\u00e9nale de son auteur, notamment au titre de la violation des droits de propri\u00e9t\u00e9 intellectuelle.<\/p>","protected":false},"excerpt":{"rendered":"<p>Aviso legal De conformidad con lo dispuesto en el art\u00edculo 6, apartado &#8230;<\/p>","protected":false},"author":1,"featured_media":0,"parent":0,"menu_order":0,"comment_status":"closed","ping_status":"open","template":"","meta":{"footnotes":""},"class_list":["post-3","page","type-page","status-publish","hentry"],"yoast_head":"<!-- This site is optimized with the Yoast SEO plugin v27.3 - https:\/\/yoast.com\/product\/yoast-seo-wordpress\/ -->\n<title>Aviso legal - zarataka<\/title>\n<meta name=\"robots\" content=\"index, follow, max-snippet:-1, max-image-preview:large, max-video-preview:-1\" \/>\n<link rel=\"canonical\" href=\"https:\/\/zarataka.com\/fr\/aviso-legal\/\" \/>\n<meta property=\"og:locale\" content=\"fr_FR\" \/>\n<meta property=\"og:type\" content=\"article\" \/>\n<meta property=\"og:title\" content=\"Aviso legal - zarataka\" \/>\n<meta property=\"og:description\" content=\"Aviso legal De conformidad con lo dispuesto en el art\u00edculo 6, apartado ...\" \/>\n<meta property=\"og:url\" content=\"https:\/\/zarataka.com\/fr\/aviso-legal\/\" \/>\n<meta property=\"og:site_name\" content=\"zarataka\" \/>\n<meta property=\"article:modified_time\" content=\"2026-01-29T13:18:27+00:00\" \/>\n<meta name=\"twitter:card\" content=\"summary_large_image\" \/>\n<meta name=\"twitter:label1\" content=\"Dur\u00e9e de lecture estim\u00e9e\" \/>\n\t<meta name=\"twitter:data1\" content=\"3 minutes\" \/>\n<script type=\"application\/ld+json\" class=\"yoast-schema-graph\">{\"@context\":\"https:\\\/\\\/schema.org\",\"@graph\":[{\"@type\":\"WebPage\",\"@id\":\"https:\\\/\\\/zarataka.com\\\/aviso-legal\\\/\",\"url\":\"https:\\\/\\\/zarataka.com\\\/aviso-legal\\\/\",\"name\":\"Aviso legal - zarataka\",\"isPartOf\":{\"@id\":\"https:\\\/\\\/zarataka.com\\\/#website\"},\"datePublished\":\"2023-09-05T13:23:05+00:00\",\"dateModified\":\"2026-01-29T13:18:27+00:00\",\"breadcrumb\":{\"@id\":\"https:\\\/\\\/zarataka.com\\\/aviso-legal\\\/#breadcrumb\"},\"inLanguage\":\"fr-FR\",\"potentialAction\":[{\"@type\":\"ReadAction\",\"target\":[\"https:\\\/\\\/zarataka.com\\\/aviso-legal\\\/\"]}]},{\"@type\":\"BreadcrumbList\",\"@id\":\"https:\\\/\\\/zarataka.com\\\/aviso-legal\\\/#breadcrumb\",\"itemListElement\":[{\"@type\":\"ListItem\",\"position\":1,\"name\":\"Portada\",\"item\":\"https:\\\/\\\/zarataka.com\\\/\"},{\"@type\":\"ListItem\",\"position\":2,\"name\":\"Aviso legal\"}]},{\"@type\":\"WebSite\",\"@id\":\"https:\\\/\\\/zarataka.com\\\/#website\",\"url\":\"https:\\\/\\\/zarataka.com\\\/\",\"name\":\"zarataka\",\"description\":\"\",\"publisher\":{\"@id\":\"https:\\\/\\\/zarataka.com\\\/#organization\"},\"potentialAction\":[{\"@type\":\"SearchAction\",\"target\":{\"@type\":\"EntryPoint\",\"urlTemplate\":\"https:\\\/\\\/zarataka.com\\\/?s={search_term_string}\"},\"query-input\":{\"@type\":\"PropertyValueSpecification\",\"valueRequired\":true,\"valueName\":\"search_term_string\"}}],\"inLanguage\":\"fr-FR\"},{\"@type\":\"Organization\",\"@id\":\"https:\\\/\\\/zarataka.com\\\/#organization\",\"name\":\"zarataka\",\"url\":\"https:\\\/\\\/zarataka.com\\\/\",\"logo\":{\"@type\":\"ImageObject\",\"inLanguage\":\"fr-FR\",\"@id\":\"https:\\\/\\\/zarataka.com\\\/#\\\/schema\\\/logo\\\/image\\\/\",\"url\":\"https:\\\/\\\/zarataka.com\\\/wp-content\\\/uploads\\\/2023\\\/09\\\/Logo-Zarataka-White.png\",\"contentUrl\":\"https:\\\/\\\/zarataka.com\\\/wp-content\\\/uploads\\\/2023\\\/09\\\/Logo-Zarataka-White.png\",\"width\":239,\"height\":64,\"caption\":\"zarataka\"},\"image\":{\"@id\":\"https:\\\/\\\/zarataka.com\\\/#\\\/schema\\\/logo\\\/image\\\/\"},\"sameAs\":[\"https:\\\/\\\/www.instagram.com\\\/zarataka.design\\\/\"]}]}<\/script>\n<!-- \/ Yoast SEO plugin. -->","yoast_head_json":{"title":"Aviso legal - zarataka","robots":{"index":"index","follow":"follow","max-snippet":"max-snippet:-1","max-image-preview":"max-image-preview:large","max-video-preview":"max-video-preview:-1"},"canonical":"https:\/\/zarataka.com\/fr\/aviso-legal\/","og_locale":"fr_FR","og_type":"article","og_title":"Aviso legal - zarataka","og_description":"Aviso legal De conformidad con lo dispuesto en el art\u00edculo 6, apartado ...","og_url":"https:\/\/zarataka.com\/fr\/aviso-legal\/","og_site_name":"zarataka","article_modified_time":"2026-01-29T13:18:27+00:00","twitter_card":"summary_large_image","twitter_misc":{"Dur\u00e9e de lecture estim\u00e9e":"3 minutes"},"schema":{"@context":"https:\/\/schema.org","@graph":[{"@type":"WebPage","@id":"https:\/\/zarataka.com\/aviso-legal\/","url":"https:\/\/zarataka.com\/aviso-legal\/","name":"Aviso legal - zarataka","isPartOf":{"@id":"https:\/\/zarataka.com\/#website"},"datePublished":"2023-09-05T13:23:05+00:00","dateModified":"2026-01-29T13:18:27+00:00","breadcrumb":{"@id":"https:\/\/zarataka.com\/aviso-legal\/#breadcrumb"},"inLanguage":"fr-FR","potentialAction":[{"@type":"ReadAction","target":["https:\/\/zarataka.com\/aviso-legal\/"]}]},{"@type":"BreadcrumbList","@id":"https:\/\/zarataka.com\/aviso-legal\/#breadcrumb","itemListElement":[{"@type":"ListItem","position":1,"name":"Portada","item":"https:\/\/zarataka.com\/"},{"@type":"ListItem","position":2,"name":"Aviso legal"}]},{"@type":"WebSite","@id":"https:\/\/zarataka.com\/#website","url":"https:\/\/zarataka.com\/","name":"zarataka","description":"","publisher":{"@id":"https:\/\/zarataka.com\/#organization"},"potentialAction":[{"@type":"SearchAction","target":{"@type":"EntryPoint","urlTemplate":"https:\/\/zarataka.com\/?s={search_term_string}"},"query-input":{"@type":"PropertyValueSpecification","valueRequired":true,"valueName":"search_term_string"}}],"inLanguage":"fr-FR"},{"@type":"Organization","@id":"https:\/\/zarataka.com\/#organization","name":"zarataka","url":"https:\/\/zarataka.com\/","logo":{"@type":"ImageObject","inLanguage":"fr-FR","@id":"https:\/\/zarataka.com\/#\/schema\/logo\/image\/","url":"https:\/\/zarataka.com\/wp-content\/uploads\/2023\/09\/Logo-Zarataka-White.png","contentUrl":"https:\/\/zarataka.com\/wp-content\/uploads\/2023\/09\/Logo-Zarataka-White.png","width":239,"height":64,"caption":"zarataka"},"image":{"@id":"https:\/\/zarataka.com\/#\/schema\/logo\/image\/"},"sameAs":["https:\/\/www.instagram.com\/zarataka.design\/"]}]}},"_links":{"self":[{"href":"https:\/\/zarataka.com\/fr\/wp-json\/wp\/v2\/pages\/3","targetHints":{"allow":["GET"]}}],"collection":[{"href":"https:\/\/zarataka.com\/fr\/wp-json\/wp\/v2\/pages"}],"about":[{"href":"https:\/\/zarataka.com\/fr\/wp-json\/wp\/v2\/types\/page"}],"author":[{"embeddable":true,"href":"https:\/\/zarataka.com\/fr\/wp-json\/wp\/v2\/users\/1"}],"replies":[{"embeddable":true,"href":"https:\/\/zarataka.com\/fr\/wp-json\/wp\/v2\/comments?post=3"}],"version-history":[{"count":9,"href":"https:\/\/zarataka.com\/fr\/wp-json\/wp\/v2\/pages\/3\/revisions"}],"predecessor-version":[{"id":4058,"href":"https:\/\/zarataka.com\/fr\/wp-json\/wp\/v2\/pages\/3\/revisions\/4058"}],"wp:attachment":[{"href":"https:\/\/zarataka.com\/fr\/wp-json\/wp\/v2\/media?parent=3"}],"curies":[{"name":"wp","href":"https:\/\/api.w.org\/{rel}","templated":true}]}}